{"id":329,"date":"2023-04-13T17:37:57","date_gmt":"2023-04-13T15:37:57","guid":{"rendered":"https:\/\/www.wichardgroup.com\/donnees-personnelles\/"},"modified":"2023-06-06T15:45:53","modified_gmt":"2023-06-06T13:45:53","slug":"personal-data","status":"publish","type":"page","link":"https:\/\/www.wichardgroup.com\/en\/personal-data\/","title":{"rendered":"Personal data"},"content":{"rendered":"<p><span style=\"color: #005299;\"><span style=\"font-family: Nunito, serif;\"><span style=\"font-size: x-large;\"><b>Identity of the data controller<\/b><\/span><\/span><\/span><\/p>\n<p><span style=\"color: #707070;\"><span style=\"font-family: Nunito, serif;\"><span style=\"font-size: medium;\">The controller of the data processing implemented on the www.wichardgroup.com website is:<br \/>\nDECK TEAM, Soci\u00e9t\u00e9 par actions simplifi\u00e9e (Simplified joint stock company), with capital of \u20ac22,186,350, whose registered office is located in Thiers, registered with the Clermont-Ferrand Trade and Companies Registry under number B 832\u00a0987 911<\/span><\/span><\/span><\/p>\n<p><span style=\"color: #707070;\"><span style=\"font-family: Nunito, serif;\"><span style=\"font-size: large;\"><b>Terminology:<\/b><\/span><\/span><\/span><\/p>\n<p><span style=\"color: #707070;\"><span style=\"font-family: Nunito, serif;\"><span style=\"font-size: medium;\">User: any natural person who uses the www.wichardgroup.com site or one of the services offered on it.<br \/>\nSite: this refers to the www.wichardgroup.com site, including the mobile and desktop versions.<\/span><\/span><\/span><\/p>\n<p><span style=\"color: #005299;\"><span style=\"font-family: Nunito, serif;\"><span style=\"font-size: x-large;\"><b>Collection and purposes of data processing<\/b><\/span><\/span><\/span><\/p>\n<p><span style=\"color: #707070;\"><span style=\"font-family: Nunito, serif;\"><span style=\"font-size: medium;\">DECK TEAM collects personal data about any User who browses and views our Site, notably by using cookies in accordance with legislation in effect.<br \/>\nYour personal data may be collected when:<\/span><\/span><\/span><\/p>\n<ul>\n<li><span style=\"color: #707070;\"><span style=\"font-family: Nunito, serif;\"><span style=\"font-size: medium;\">you create an account on our websites;<\/span><\/span><\/span><\/li>\n<li><span style=\"color: #707070;\"><span style=\"font-family: Nunito, serif;\"><span style=\"font-size: medium;\">you visit our website which may use cookies;<\/span><\/span><\/span><\/li>\n<li><span style=\"color: #707070;\"><span style=\"font-family: Nunito, serif;\"><span style=\"font-size: medium;\">you put products in your shopping cart;<\/span><\/span><\/span><\/li>\n<li><span style=\"color: #707070;\"><span style=\"font-family: Nunito, serif;\"><span style=\"font-size: medium;\">you buy our products online;<\/span><\/span><\/span><\/li>\n<li><span style=\"color: #707070;\"><span style=\"font-family: Nunito, serif;\"><span style=\"font-size: medium;\">you subscribe to our newsletter;<\/span><\/span><\/span><\/li>\n<li><span style=\"color: #707070;\"><span style=\"font-family: Nunito, serif;\"><span style=\"font-size: medium;\">you contact customer service;<\/span><\/span><\/span><\/li>\n<li><span style=\"color: #707070;\"><span style=\"font-family: Nunito, serif;\"><span style=\"font-size: medium;\">you fill out a form on our website<\/span><\/span><\/span><\/li>\n<\/ul>\n<p><span style=\"color: #707070;\"><span style=\"font-family: Nunito, serif;\"><span style=\"font-size: medium;\">We collect the information that you provide to us in the context of our business relationship:<\/span><\/span><\/span><\/p>\n<ul>\n<li><span style=\"color: #707070;\"><span style=\"font-family: Nunito, serif;\"><span style=\"font-size: medium;\">when you create a customer account<\/span><\/span><\/span><\/li>\n<li><span style=\"color: #707070;\"><span style=\"font-family: Nunito, serif;\"><span style=\"font-size: medium;\">during the management of your orders, returns, complaints;<\/span><\/span><\/span><\/li>\n<li><span style=\"color: #707070;\"><span style=\"font-family: Nunito, serif;\"><span style=\"font-size: medium;\">in your dealings with our customer service department;<\/span><\/span><\/span><\/li>\n<\/ul>\n<p><span style=\"color: #707070;\"><span style=\"font-family: Nunito, serif;\"><span style=\"font-size: medium;\">The data collected are necessary for the following processing operations:<\/span><\/span><\/span><\/p>\n<ul>\n<li><span style=\"color: #707070;\"><span style=\"font-family: Nunito, serif;\"><span style=\"font-size: medium;\">Collection of audience measurement statistics and marketing studies<\/span><\/span><\/span><\/li>\n<li><span style=\"color: #707070;\"><span style=\"font-family: Nunito, serif;\"><span style=\"font-size: medium;\">Management of orders, deliveries and returns<\/span><\/span><\/span><\/li>\n<li><span style=\"color: #707070;\"><span style=\"font-family: Nunito, serif;\"><span style=\"font-size: medium;\">Customer Relationship Management<\/span><\/span><\/span><\/li>\n<li><span style=\"color: #707070;\"><span style=\"font-family: Nunito, serif;\"><span style=\"font-size: medium;\">Improving your customer experience<\/span><\/span><\/span><\/li>\n<\/ul>\n<p><span style=\"color: #005299;\"><span style=\"font-family: Nunito, serif;\"><span style=\"font-size: x-large;\"><b>Forms<\/b><\/span><\/span><\/span><\/p>\n<p><span style=\"color: #707070;\"><span style=\"font-family: Nunito, serif;\"><span style=\"font-size: medium;\">Each form limits the collection of personal data to that which is strictly necessary and clearly indicates:<\/span><\/span><\/span><\/p>\n<ul>\n<li><span style=\"color: #707070;\"><span style=\"font-family: Nunito, serif;\"><span style=\"font-size: medium;\">the purpose of collecting these data (purpose)<\/span><\/span><\/span><\/li>\n<li><span style=\"color: #707070;\"><span style=\"font-family: Nunito, serif;\"><span style=\"font-size: medium;\">whether this data is mandatory or optional for the management of your request<\/span><\/span><\/span><\/li>\n<li><span style=\"color: #707070;\"><span style=\"font-family: Nunito, serif;\"><span style=\"font-size: medium;\">who can read it<\/span><\/span><\/span><\/li>\n<li><span style=\"color: #707070;\"><span style=\"font-family: Nunito, serif;\"><span style=\"font-size: medium;\">your \u201cInformatique et Libert\u00e9s\u201d (information systems and freedoms) rights and how to exercise them with DECK TEAM.<\/span><\/span><\/span><\/li>\n<\/ul>\n<p><span style=\"color: #707070;\"><span style=\"font-family: Nunito, serif;\"><span style=\"font-size: medium;\">The User must complete all the fields of the information entry form on the Site except for those fields displayed as optional, i.e., not marked with an asterisk. Optional information is collected by DECK TEAM to allow it to become more familiar with Users of the Site.<\/span><\/span><\/span><\/p>\n<p><span style=\"color: #707070;\"><span style=\"font-family: Nunito, serif;\"><span style=\"font-size: medium;\">All information marked with an asterisk is mandatory. The User must provide the information requested.<\/span><\/span><\/span><\/p>\n<p><span style=\"color: #707070;\"><span style=\"font-family: Nunito, serif;\"><span style=\"font-size: medium;\">If any mandatory field is left empty, the entry form will not be validated. DECK TEAM will not be able to respond to these requests.<\/span><\/span><\/span><\/p>\n<p><span style=\"color: #005299;\"><span style=\"font-family: Nunito, serif;\"><span style=\"font-size: x-large;\"><b>Data Recipients<\/b><\/span><\/span><\/span><\/p>\n<p><span style=\"color: #707070;\"><span style=\"font-family: Nunito, serif;\"><span style=\"font-size: medium;\">The data collected is intended for the use of DECK TEAM.<br \/>\nDECK TEAM does not sell or rent your personal data to third parties for marketing purposes. In addition, DECK TEAM does not disclose your personal data to third parties, unless it is compelled to do so by a government authority or regulatory body, in the event of a judicial requisition, summons or any other similar government or judicial requirement, or to establish or defend a legal claim.<\/span><\/span><\/span><\/p>\n<p><span style=\"color: #005299;\"><span style=\"font-family: Nunito, serif;\"><span style=\"font-size: x-large;\"><b>Right of access, rectification and deletion<\/b><\/span><\/span><\/span><\/p>\n<p><span style=\"color: #707070;\"><span style=\"font-family: Nunito, serif;\"><span style=\"font-size: medium;\">In accordance with the Data Protection Act of 6 January 1978 as amended, the User has the right to access, rectify and delete data concerning him\/her. The User may expressly object to processing of his\/her personal data. To do so, a written request must be sent to<\/span><\/span><\/span><\/p>\n<p><span style=\"color: #707070;\"><span style=\"font-family: Nunito, serif;\"><span style=\"font-size: medium;\">DECK TEAM<br \/>\n1 ZI de Felet CS 50085<br \/>\n63307 Thiers cedex France.<\/span><\/span><\/span><\/p>\n<p><span style=\"color: #707070;\"><span style=\"font-family: Nunito, serif;\"><span style=\"font-size: medium;\">The User indicates his or her surname, first name and postal address. The request must be signed and accompanied by a valid identity document bearing the holder\u2019s signature. The User may specify the address to which the reply should be sent.<\/span><\/span><\/span><\/p>\n<p><span style=\"color: #707070;\"><span style=\"font-family: Nunito, serif;\"><span style=\"font-size: medium;\">DECK TEAM has a period of 2 months from receipt of the User&#8217;s request to respond to it.<\/span><\/span><\/span><\/p>\n<p><span style=\"color: #005299;\"><span style=\"font-family: Nunito, serif;\"><span style=\"font-size: x-large;\"><b>Data retention period<\/b><\/span><\/span><\/span><\/p>\n<p><span style=\"color: #707070;\"><span style=\"font-family: Nunito, serif;\"><span style=\"font-size: medium;\">The duration of retention of personal data collected complies with the recommendations of the CNIL, namely:<\/span><\/span><\/span><\/p>\n<ul>\n<li><span style=\"color: #707070;\"><span style=\"font-family: Nunito, serif;\"><span style=\"font-size: medium;\">purchase data: 5 years from the end of the customer relationship<\/span><\/span><\/span><\/li>\n<li><span style=\"color: #707070;\"><span style=\"font-family: Nunito, serif;\"><span style=\"font-size: medium;\">cookies: 13 months for Google Analytics cookies<\/span><\/span><\/span><\/li>\n<\/ul>\n<p><span style=\"color: #005299;\"><span style=\"font-family: Nunito, serif;\"><span style=\"font-size: x-large;\"><b>Cookies<\/b><\/span><\/span><\/span><\/p>\n<p><span style=\"color: #707070;\"><span style=\"font-family: Nunito, serif;\"><span style=\"font-size: large;\"><b>Definition of cookie<\/b><\/span><\/span><\/span><\/p>\n<p><span style=\"color: #707070;\"><span style=\"font-family: Nunito, serif;\"><span style=\"font-size: medium;\">A cookie is a small text file that is placed or stored on your device (computer, tablet, or mobile device) when you visit a website. A cookie allows a site to recognize you, helps you navigate from page to page on a website, provides secure connections and remembers your preferences for future visits.<br \/>\nA cookie is not used to collect personal data without your knowledge but to record information about your browsing. This can facilitate and optimise your future experience on the site and enhance the usefulness of the site for you. Cookies play an important role. Without cookies, using the Web could be much more frustrating.<\/span><\/span><\/span><\/p>\n<p><span style=\"color: #707070;\"><span style=\"font-family: Nunito, serif;\"><span style=\"font-size: large;\"><b>Deleting cookies<\/b><\/span><\/span><\/span><\/p>\n<p><span style=\"color: #707070;\"><span style=\"font-family: Nunito, serif;\"><span style=\"font-size: medium;\">At any time, the User may deactivate the cookies stored on his terminal. To do so, he simply needs to select the appropriate settings in his browser.<\/span><\/span><\/span><\/p>\n<p><span style=\"color: #707070;\"><span style=\"font-family: Nunito, serif;\"><span style=\"font-size: large;\"><b>Management of cookies<\/b><\/span><\/span><\/span><\/p>\n<p><span style=\"color: #707070;\"><span style=\"font-family: Nunito, serif;\"><span style=\"font-size: medium;\">For the management of cookies and your choices, the configuration of each browser is different. As an indication, you can find instructions on the different browsers at the following addresses:<\/span><\/span><\/span><\/p>\n<ul>\n<li><a href=\"http:\/\/windows.microsoft.com\/fr-FR\/windows-vista\/Block-or-allow-cookies\" target=\"_blank\" rel=\"noopener\"><span style=\"color: #0000ff;\"><span style=\"font-family: Nunito, serif;\"><span style=\"font-size: medium;\"><u>for Internet Explorer\u2122<\/u><\/span><\/span><\/span><\/a><\/li>\n<li><a href=\"https:\/\/support.apple.com\/en-gb\/guide\/safari\/sfri11471\/mac\" target=\"_blank\" rel=\"noopener\"><span style=\"color: #0000ff;\"><span style=\"font-family: Nunito, serif;\"><span style=\"font-size: medium;\"><u>for Safari\u2122<\/u><\/span><\/span><\/span><\/a><\/li>\n<li><a href=\"http:\/\/support.google.com\/chrome\/bin\/answer.py?hl=fr&amp;hlrm=en&amp;answer=95647\" target=\"_blank\" rel=\"noopener\"><span style=\"color: #0000ff;\"><span style=\"font-family: Nunito, serif;\"><span style=\"font-size: medium;\"><u>for Chrome\u2122<\/u><\/span><\/span><\/span><\/a><\/li>\n<li><a href=\"https:\/\/support.mozilla.org\/en-US\/kb\/block-websites-storing-cookies-site-data-firefox\" target=\"_blank\" rel=\"noopener\"><span style=\"color: #0000ff;\"><span style=\"font-family: Nunito, serif;\"><span style=\"font-size: medium;\"><u>for Firefox\u2122<\/u><\/span><\/span><\/span><\/a><\/li>\n<li><a href=\"http:\/\/help.opera.com\/Windows\/10.20\/fr\/cookies.html\" target=\"_blank\" rel=\"noopener\"><span style=\"color: #0000ff;\"><span style=\"font-family: Nunito, serif;\"><span style=\"font-size: medium;\"><u>for Opera\u2122<\/u><\/span><\/span><\/span><\/a><\/li>\n<\/ul>\n<p><span style=\"color: #707070;\"><span style=\"font-family: Nunito, serif;\"><span style=\"font-size: large;\"><b>Cookie management module<\/b><\/span><\/span><\/span><\/p>\n<p><span style=\"color: #707070;\"><span style=\"font-family: Nunito, serif;\"><span style=\"font-size: medium;\">DECK TEAM provides Site Users with a module enabling them to object to cookies placed on the Site. To do so, the User can click on the \u201cI personalize3 button in the information banner mentioning the purposes of the cookies stored.<\/span><\/span><\/span><\/p>\n<p><span style=\"color: #005299;\"><span style=\"font-family: Nunito, serif;\"><span style=\"font-size: x-large;\"><b>Security measures taken by DECK TEAM to ensure the protection of personal data<\/b><\/span><\/span><\/span><\/p>\n<p><span style=\"color: #707070;\"><span style=\"font-family: Nunito, serif;\"><span style=\"font-size: medium;\">DECK TEAM implements all technical means in accordance with standard industry practices to maintain the integrity, security and confidentiality of data and, in particular, to prevent it from being distorted, damaged or accessed by unauthorized third parties.<\/span><\/span><\/span><\/p>\n<p>&nbsp;<\/p>\n","protected":false},"excerpt":{"rendered":"<p>Identity of the data controller The controller of the data processing implemented on the www.wichardgroup.com website is: DECK TEAM, Soci\u00e9t\u00e9 par actions simplifi\u00e9e (Simplified joint stock company), with capital of \u20ac22,186,350, whose registered office is located in Thiers, registered with the Clermont-Ferrand Trade and Companies Registry under number B 832\u00a0987 911 Terminology: User: any natural person who uses the www.wichardgroup.com site or one of the services offered on it. Site: this refers to the www.wichardgroup.com site, including the mobile and desktop versions. Collection and purposes of data processing DECK TEAM collects personal data about any User who browses and views our\u2026<\/p>\n","protected":false},"author":1,"featured_media":0,"parent":0,"menu_order":8,"comment_status":"closed","ping_status":"closed","template":"","meta":{"inline_featured_image":false,"footnotes":""},"_links":{"self":[{"href":"https:\/\/www.wichardgroup.com\/en\/wp-json\/wp\/v2\/pages\/329"}],"collection":[{"href":"https:\/\/www.wichardgroup.com\/en\/wp-json\/wp\/v2\/pages"}],"about":[{"href":"https:\/\/www.wichardgroup.com\/en\/wp-json\/wp\/v2\/types\/page"}],"author":[{"embeddable":true,"href":"https:\/\/www.wichardgroup.com\/en\/wp-json\/wp\/v2\/users\/1"}],"replies":[{"embeddable":true,"href":"https:\/\/www.wichardgroup.com\/en\/wp-json\/wp\/v2\/comments?post=329"}],"version-history":[{"count":2,"href":"https:\/\/www.wichardgroup.com\/en\/wp-json\/wp\/v2\/pages\/329\/revisions"}],"predecessor-version":[{"id":343,"href":"https:\/\/www.wichardgroup.com\/en\/wp-json\/wp\/v2\/pages\/329\/revisions\/343"}],"wp:attachment":[{"href":"https:\/\/www.wichardgroup.com\/en\/wp-json\/wp\/v2\/media?parent=329"}],"curies":[{"name":"wp","href":"https:\/\/api.w.org\/{rel}","templated":true}]}}